{"id":8621,"date":"2023-11-17T14:21:49","date_gmt":"2023-11-17T19:21:49","guid":{"rendered":"https:\/\/lacortineria.com.co\/?post_type=product&#038;p=8621"},"modified":"2023-12-19T16:05:11","modified_gmt":"2023-12-19T21:05:11","slug":"panel-japones-flexalum-solar-damasco","status":"publish","type":"product","link":"https:\/\/lacortineria.com.co\/index.php\/product\/panel-japones-flexalum-solar-damasco\/","title":{"rendered":"Panel Japon\u00e9s Flexalum Solar Damasco"},"content":{"rendered":"<h5>\u00bfQu\u00e9 lo hace diferente?<\/h5>\n<ul>\n<li>Es libre de plomo<\/li>\n<li>Retardante al fuego<\/li>\n<li>F\u00e1cil de limpiar<\/li>\n<li>Permite el paso de la luz y te da un buen nivel de privacidad durante el d\u00eda.<\/li>\n<\/ul>\n<h5>Informaci\u00f3n adicional:<\/h5>\n<ul>\n<li>Composici\u00f3n: 26% Poli\u00e9ster &#8211; 74% PVC.<\/li>\n<li>Espesor: 0,82 mm<\/li>\n<li>Peso: 455 gr\/m2<\/li>\n<li>Garant\u00eda: 3 a\u00f1os.<\/li>\n<li>Mantenimiento y limpieza: Aspira peri\u00f3dicamente con boca cepillo y remueve manchas pasando un pa\u00f1o h\u00famedo con agua tibia.<\/li>\n<\/ul>\n","protected":false},"excerpt":{"rendered":"<p>La colecci\u00f3n Solar Damasco de Flexalum es una de las colecciones m\u00e1s vendidas y favoritas de nuestros clientes. Una textura en screen org\u00e1nica y con diferentes opciones de colores. Tiene visos horizontales que la hacen muy elegante mientras evoca los patrones de la naturaleza.<\/p>\n<p>(Precio incluye instalaci\u00f3n en Bogot\u00e1 y Cundinamarca de acuerdo a cobertura)<\/p>\n","protected":false},"featured_media":0,"comment_status":"open","ping_status":"closed","template":"","meta":[],"product_brand":[],"product_cat":[68],"product_tag":[39,22],"class_list":{"0":"post-8621","1":"product","2":"type-product","3":"status-publish","5":"product_cat-panel-japones","6":"product_tag-rebaja","7":"product_tag-mas-vendidas","8":"styler_product_brands-flexalum","9":"nt-post-class","10":"","11":"thumb-none","16":"first","17":"instock","18":"sale","19":"taxable","20":"shipping-taxable","21":"purchasable","22":"product-type-simple"},"jetpack_sharing_enabled":true,"_links":{"self":[{"href":"https:\/\/lacortineria.com.co\/index.php\/wp-json\/wp\/v2\/product\/8621","targetHints":{"allow":["GET"]}}],"collection":[{"href":"https:\/\/lacortineria.com.co\/index.php\/wp-json\/wp\/v2\/product"}],"about":[{"href":"https:\/\/lacortineria.com.co\/index.php\/wp-json\/wp\/v2\/types\/product"}],"replies":[{"embeddable":true,"href":"https:\/\/lacortineria.com.co\/index.php\/wp-json\/wp\/v2\/comments?post=8621"}],"version-history":[{"count":2,"href":"https:\/\/lacortineria.com.co\/index.php\/wp-json\/wp\/v2\/product\/8621\/revisions"}],"predecessor-version":[{"id":8828,"href":"https:\/\/lacortineria.com.co\/index.php\/wp-json\/wp\/v2\/product\/8621\/revisions\/8828"}],"wp:attachment":[{"href":"https:\/\/lacortineria.com.co\/index.php\/wp-json\/wp\/v2\/media?parent=8621"}],"wp:term":[{"taxonomy":"product_brand","embeddable":true,"href":"https:\/\/lacortineria.com.co\/index.php\/wp-json\/wp\/v2\/product_brand?post=8621"},{"taxonomy":"product_cat","embeddable":true,"href":"https:\/\/lacortineria.com.co\/index.php\/wp-json\/wp\/v2\/product_cat?post=8621"},{"taxonomy":"product_tag","embeddable":true,"href":"https:\/\/lacortineria.com.co\/index.php\/wp-json\/wp\/v2\/product_tag?post=8621"}],"curies":[{"name":"wp","href":"https:\/\/api.w.org\/{rel}","templated":true}]}}