{"id":8664,"date":"2023-11-17T15:00:59","date_gmt":"2023-11-17T20:00:59","guid":{"rendered":"https:\/\/lacortineria.com.co\/?post_type=product&#038;p=8664"},"modified":"2023-12-22T11:58:47","modified_gmt":"2023-12-22T16:58:47","slug":"sheer-elegance-flexalum-brushed-durkan","status":"publish","type":"product","link":"https:\/\/lacortineria.com.co\/index.php\/product\/sheer-elegance-flexalum-brushed-durkan\/","title":{"rendered":"Sheer elegance Flexalum Brushed Durkan"},"content":{"rendered":"<h5>\u00bfQu\u00e9 lo hace diferente?<\/h5>\n<ul>\n<li>Manejo de luz y privacidad en una sola cortina.<\/li>\n<li>Es libre de plomo<\/li>\n<li>F\u00e1cil de limpiar<\/li>\n<li>Permite el paso de la luz y te da un buen nivel de privacidad durante el d\u00eda en una sola cortina.<\/li>\n<\/ul>\n<h5>Informaci\u00f3n adicional:<\/h5>\n<ul>\n<li>Composici\u00f3n: 100% Poli\u00e9ster.<\/li>\n<li>Espesor: 0,40 mm<\/li>\n<li>Peso: 98 gr\/m2<\/li>\n<li>Ancho de rollo: 280cm.<\/li>\n<li>Garant\u00eda: 3 a\u00f1os.<\/li>\n<li>Mantenimiento y limpieza: Aspira peri\u00f3dicamente con boca cepillo y remueve manchas pasando un pa\u00f1o h\u00famedo con agua tibia.<\/li>\n<\/ul>\n","protected":false},"excerpt":{"rendered":"<p>Una hermosa textura horizontal que te evoca las formas org\u00e1nicas de la naturaleza. Sus colores te permiten combinar esta cortina con cualquier espacio y paleta de color.<\/p>\n<p>(Precio por m2 incluido instalaci\u00f3n seg\u00fan cobertura en Bogot\u00e1 y Cundinamarca)<\/p>\n","protected":false},"featured_media":0,"comment_status":"open","ping_status":"closed","template":"","meta":[],"product_brand":[],"product_cat":[67],"product_tag":[39,26],"class_list":{"0":"post-8664","1":"product","2":"type-product","3":"status-publish","5":"product_cat-sheer-elegance","6":"product_tag-rebaja","7":"product_tag-destacadas","8":"styler_product_brands-flexalum","9":"nt-post-class","10":"","11":"thumb-none","16":"first","17":"instock","18":"sale","19":"taxable","20":"shipping-taxable","21":"purchasable","22":"product-type-simple"},"jetpack_sharing_enabled":true,"_links":{"self":[{"href":"https:\/\/lacortineria.com.co\/index.php\/wp-json\/wp\/v2\/product\/8664","targetHints":{"allow":["GET"]}}],"collection":[{"href":"https:\/\/lacortineria.com.co\/index.php\/wp-json\/wp\/v2\/product"}],"about":[{"href":"https:\/\/lacortineria.com.co\/index.php\/wp-json\/wp\/v2\/types\/product"}],"replies":[{"embeddable":true,"href":"https:\/\/lacortineria.com.co\/index.php\/wp-json\/wp\/v2\/comments?post=8664"}],"version-history":[{"count":2,"href":"https:\/\/lacortineria.com.co\/index.php\/wp-json\/wp\/v2\/product\/8664\/revisions"}],"predecessor-version":[{"id":8895,"href":"https:\/\/lacortineria.com.co\/index.php\/wp-json\/wp\/v2\/product\/8664\/revisions\/8895"}],"wp:attachment":[{"href":"https:\/\/lacortineria.com.co\/index.php\/wp-json\/wp\/v2\/media?parent=8664"}],"wp:term":[{"taxonomy":"product_brand","embeddable":true,"href":"https:\/\/lacortineria.com.co\/index.php\/wp-json\/wp\/v2\/product_brand?post=8664"},{"taxonomy":"product_cat","embeddable":true,"href":"https:\/\/lacortineria.com.co\/index.php\/wp-json\/wp\/v2\/product_cat?post=8664"},{"taxonomy":"product_tag","embeddable":true,"href":"https:\/\/lacortineria.com.co\/index.php\/wp-json\/wp\/v2\/product_tag?post=8664"}],"curies":[{"name":"wp","href":"https:\/\/api.w.org\/{rel}","templated":true}]}}