{"id":8905,"date":"2023-12-22T12:13:21","date_gmt":"2023-12-22T17:13:21","guid":{"rendered":"https:\/\/lacortineria.com.co\/?post_type=product&#038;p=8905"},"modified":"2023-12-22T12:19:59","modified_gmt":"2023-12-22T17:19:59","slug":"sheer-elegance-flexalum-misty-op","status":"publish","type":"product","link":"https:\/\/lacortineria.com.co\/index.php\/product\/sheer-elegance-flexalum-misty-op\/","title":{"rendered":"Sheer elegance Flexalum Misty OP"},"content":{"rendered":"<h5>\u00bfQu\u00e9 lo hace diferente?<\/h5>\n<ul>\n<li>Manejo de luz y privacidad en una sola cortina. Franja opaca tipo blackout que te da m\u00e1s oscuridad y privacidad.<\/li>\n<li>Es libre de plomo<\/li>\n<li>F\u00e1cil de limpiar<\/li>\n<li>Permite el paso de la luz y te da un buen nivel de privacidad durante el d\u00eda en una sola cortina.<\/li>\n<\/ul>\n<h5>Informaci\u00f3n adicional:<\/h5>\n<ul>\n<li>Composici\u00f3n: 100% Poli\u00e9ster.<\/li>\n<li>Espesor: 0,64 mm<\/li>\n<li>Peso: 221 gr\/m2<\/li>\n<li>Ancho de rollo: 280cm.<\/li>\n<li>Garant\u00eda: 3 a\u00f1os.<\/li>\n<li>Mantenimiento y limpieza: Aspira peri\u00f3dicamente con boca cepillo y remueve manchas pasando un pa\u00f1o h\u00famedo con agua tibia.<\/li>\n<\/ul>\n","protected":false},"excerpt":{"rendered":"<p>Lo mejor de las telas blackout en una cortina sheer elegance. Sus franjas opacas son tipo blackout, lo cual te permite disfrutar de oscuridad cuando lo necesitas, y un alto nivel de privacidad. \u00a1Lo mejor de los dos mundos! Con una textura minimalista y sencilla, no necesitar\u00e1s m\u00e1s.<\/p>\n<p>(Precio por m2 incluido instalaci\u00f3n seg\u00fan cobertura en Bogot\u00e1 y Cundinamarca)<\/p>\n","protected":false},"featured_media":0,"comment_status":"open","ping_status":"closed","template":"","meta":[],"product_brand":[],"product_cat":[67],"product_tag":[39,145,26],"class_list":{"0":"post-8905","1":"product","2":"type-product","3":"status-publish","5":"product_cat-sheer-elegance","6":"product_tag-rebaja","7":"product_tag-blackout","8":"product_tag-destacadas","9":"styler_product_brands-flexalum","10":"nt-post-class","11":"","12":"thumb-none","17":"first","18":"instock","19":"sale","20":"taxable","21":"shipping-taxable","22":"purchasable","23":"product-type-simple"},"jetpack_sharing_enabled":true,"_links":{"self":[{"href":"https:\/\/lacortineria.com.co\/index.php\/wp-json\/wp\/v2\/product\/8905","targetHints":{"allow":["GET"]}}],"collection":[{"href":"https:\/\/lacortineria.com.co\/index.php\/wp-json\/wp\/v2\/product"}],"about":[{"href":"https:\/\/lacortineria.com.co\/index.php\/wp-json\/wp\/v2\/types\/product"}],"replies":[{"embeddable":true,"href":"https:\/\/lacortineria.com.co\/index.php\/wp-json\/wp\/v2\/comments?post=8905"}],"version-history":[{"count":1,"href":"https:\/\/lacortineria.com.co\/index.php\/wp-json\/wp\/v2\/product\/8905\/revisions"}],"predecessor-version":[{"id":8906,"href":"https:\/\/lacortineria.com.co\/index.php\/wp-json\/wp\/v2\/product\/8905\/revisions\/8906"}],"wp:attachment":[{"href":"https:\/\/lacortineria.com.co\/index.php\/wp-json\/wp\/v2\/media?parent=8905"}],"wp:term":[{"taxonomy":"product_brand","embeddable":true,"href":"https:\/\/lacortineria.com.co\/index.php\/wp-json\/wp\/v2\/product_brand?post=8905"},{"taxonomy":"product_cat","embeddable":true,"href":"https:\/\/lacortineria.com.co\/index.php\/wp-json\/wp\/v2\/product_cat?post=8905"},{"taxonomy":"product_tag","embeddable":true,"href":"https:\/\/lacortineria.com.co\/index.php\/wp-json\/wp\/v2\/product_tag?post=8905"}],"curies":[{"name":"wp","href":"https:\/\/api.w.org\/{rel}","templated":true}]}}