{"id":8913,"date":"2023-12-22T12:22:56","date_gmt":"2023-12-22T17:22:56","guid":{"rendered":"https:\/\/lacortineria.com.co\/?post_type=product&#038;p=8913"},"modified":"2023-12-22T12:25:33","modified_gmt":"2023-12-22T17:25:33","slug":"sheer-elegance-flexalum-screen-star","status":"publish","type":"product","link":"https:\/\/lacortineria.com.co\/index.php\/product\/sheer-elegance-flexalum-screen-star\/","title":{"rendered":"Sheer elegance Flexalum Screen Star"},"content":{"rendered":"<h5>\u00bfQu\u00e9 lo hace diferente?<\/h5>\n<ul>\n<li>Alta protecci\u00f3n solar.<\/li>\n<li>Manejo de luz y privacidad en una sola cortina.<\/li>\n<li>Es libre de plomo<\/li>\n<li>F\u00e1cil de limpiar<\/li>\n<li>Permite el paso de la luz y te da un buen nivel de privacidad durante el d\u00eda en una sola cortina.<\/li>\n<\/ul>\n<h5>Informaci\u00f3n adicional:<\/h5>\n<ul>\n<li>Composici\u00f3n: 22% Poli\u00e9ster &#8211; 78% PVC.<\/li>\n<li>Espesor: 0,81 mm<\/li>\n<li>Peso: 362 gr\/m2<\/li>\n<li>Ancho de rollo: 300cm.<\/li>\n<li>Garant\u00eda: 3 a\u00f1os.<\/li>\n<li>Mantenimiento y limpieza: Aspira peri\u00f3dicamente con boca cepillo y remueve manchas pasando un pa\u00f1o h\u00famedo con agua tibia.<\/li>\n<\/ul>\n","protected":false},"excerpt":{"rendered":"<p>Nuestra estrella de las sheer elegance en screen. Con una elegante, levemente satinada y lujosa textura, te dar\u00e1 una excelente protecci\u00f3n a los inclementes rayos del sol mientras tu espacio se destaca por el lujo y la sofisticaci\u00f3n.<\/p>\n<p>(Precio por m2 incluido instalaci\u00f3n seg\u00fan cobertura en Bogot\u00e1 y Cundinamarca).<\/p>\n","protected":false},"featured_media":0,"comment_status":"open","ping_status":"closed","template":"","meta":[],"product_brand":[],"product_cat":[67],"product_tag":[39,146],"class_list":{"0":"post-8913","1":"product","2":"type-product","3":"status-publish","5":"product_cat-sheer-elegance","6":"product_tag-rebaja","7":"product_tag-screen","8":"styler_product_brands-flexalum","9":"nt-post-class","10":"","11":"thumb-none","16":"first","17":"instock","18":"taxable","19":"shipping-taxable","20":"purchasable","21":"product-type-simple"},"jetpack_sharing_enabled":true,"_links":{"self":[{"href":"https:\/\/lacortineria.com.co\/index.php\/wp-json\/wp\/v2\/product\/8913","targetHints":{"allow":["GET"]}}],"collection":[{"href":"https:\/\/lacortineria.com.co\/index.php\/wp-json\/wp\/v2\/product"}],"about":[{"href":"https:\/\/lacortineria.com.co\/index.php\/wp-json\/wp\/v2\/types\/product"}],"replies":[{"embeddable":true,"href":"https:\/\/lacortineria.com.co\/index.php\/wp-json\/wp\/v2\/comments?post=8913"}],"version-history":[{"count":1,"href":"https:\/\/lacortineria.com.co\/index.php\/wp-json\/wp\/v2\/product\/8913\/revisions"}],"predecessor-version":[{"id":8914,"href":"https:\/\/lacortineria.com.co\/index.php\/wp-json\/wp\/v2\/product\/8913\/revisions\/8914"}],"wp:attachment":[{"href":"https:\/\/lacortineria.com.co\/index.php\/wp-json\/wp\/v2\/media?parent=8913"}],"wp:term":[{"taxonomy":"product_brand","embeddable":true,"href":"https:\/\/lacortineria.com.co\/index.php\/wp-json\/wp\/v2\/product_brand?post=8913"},{"taxonomy":"product_cat","embeddable":true,"href":"https:\/\/lacortineria.com.co\/index.php\/wp-json\/wp\/v2\/product_cat?post=8913"},{"taxonomy":"product_tag","embeddable":true,"href":"https:\/\/lacortineria.com.co\/index.php\/wp-json\/wp\/v2\/product_tag?post=8913"}],"curies":[{"name":"wp","href":"https:\/\/api.w.org\/{rel}","templated":true}]}}