{"id":8917,"date":"2023-12-22T12:36:49","date_gmt":"2023-12-22T17:36:49","guid":{"rendered":"https:\/\/lacortineria.com.co\/?post_type=product&#038;p=8917"},"modified":"2023-12-22T12:38:38","modified_gmt":"2023-12-22T17:38:38","slug":"sheer-elegance-flexalum-lumina","status":"publish","type":"product","link":"https:\/\/lacortineria.com.co\/index.php\/product\/sheer-elegance-flexalum-lumina\/","title":{"rendered":"Sheer elegance Flexalum L\u00famina"},"content":{"rendered":"<h5>\u00bfQu\u00e9 lo hace diferente?<\/h5>\n<ul>\n<li>Manejo de luz y privacidad en una sola cortina.<\/li>\n<li>Es libre de plomo<\/li>\n<li>F\u00e1cil de limpiar<\/li>\n<li>Permite el paso de la luz y te da un buen nivel de privacidad durante el d\u00eda en una sola cortina.<\/li>\n<\/ul>\n<h5>Informaci\u00f3n adicional:<\/h5>\n<ul>\n<li>Composici\u00f3n: 100% Poli\u00e9ster.<\/li>\n<li>Espesor: 0,30 mm<\/li>\n<li>Peso: 86 gr\/m2<\/li>\n<li>Ancho de rollo: 280cm.<\/li>\n<li>Garant\u00eda: 3 a\u00f1os.<\/li>\n<li>Mantenimiento y limpieza: Aspira peri\u00f3dicamente con boca cepillo y remueve manchas pasando un pa\u00f1o h\u00famedo con agua tibia.<\/li>\n<\/ul>\n","protected":false},"excerpt":{"rendered":"<p>Una textura para los que quieren destacar y dar car\u00e1cter a cualquier espacio. Es una cortina diferente que har\u00e1 tu ventana estar llena de sofisticaci\u00f3n y lujo.<\/p>\n<p>(Precio por m2 incluido instalaci\u00f3n seg\u00fan cobertura en Bogot\u00e1 y Cundinamarca)<\/p>\n","protected":false},"featured_media":0,"comment_status":"open","ping_status":"closed","template":"","meta":[],"product_brand":[],"product_cat":[67],"product_tag":[39],"class_list":{"0":"post-8917","1":"product","2":"type-product","3":"status-publish","5":"product_cat-sheer-elegance","6":"product_tag-rebaja","7":"styler_product_brands-flexalum","8":"nt-post-class","9":"","10":"thumb-none","15":"first","16":"instock","17":"sale","18":"taxable","19":"shipping-taxable","20":"purchasable","21":"product-type-simple"},"jetpack_sharing_enabled":true,"_links":{"self":[{"href":"https:\/\/lacortineria.com.co\/index.php\/wp-json\/wp\/v2\/product\/8917","targetHints":{"allow":["GET"]}}],"collection":[{"href":"https:\/\/lacortineria.com.co\/index.php\/wp-json\/wp\/v2\/product"}],"about":[{"href":"https:\/\/lacortineria.com.co\/index.php\/wp-json\/wp\/v2\/types\/product"}],"replies":[{"embeddable":true,"href":"https:\/\/lacortineria.com.co\/index.php\/wp-json\/wp\/v2\/comments?post=8917"}],"version-history":[{"count":1,"href":"https:\/\/lacortineria.com.co\/index.php\/wp-json\/wp\/v2\/product\/8917\/revisions"}],"predecessor-version":[{"id":8918,"href":"https:\/\/lacortineria.com.co\/index.php\/wp-json\/wp\/v2\/product\/8917\/revisions\/8918"}],"wp:attachment":[{"href":"https:\/\/lacortineria.com.co\/index.php\/wp-json\/wp\/v2\/media?parent=8917"}],"wp:term":[{"taxonomy":"product_brand","embeddable":true,"href":"https:\/\/lacortineria.com.co\/index.php\/wp-json\/wp\/v2\/product_brand?post=8917"},{"taxonomy":"product_cat","embeddable":true,"href":"https:\/\/lacortineria.com.co\/index.php\/wp-json\/wp\/v2\/product_cat?post=8917"},{"taxonomy":"product_tag","embeddable":true,"href":"https:\/\/lacortineria.com.co\/index.php\/wp-json\/wp\/v2\/product_tag?post=8917"}],"curies":[{"name":"wp","href":"https:\/\/api.w.org\/{rel}","templated":true}]}}